{"id":34,"date":"2019-07-16T16:30:07","date_gmt":"2019-07-16T16:30:07","guid":{"rendered":"https:\/\/demosites.io\/fitness\/?page_id=34"},"modified":"2021-04-27T14:55:27","modified_gmt":"2021-04-27T11:55:27","slug":"atolye","status":"publish","type":"page","link":"https:\/\/limoncuotomotiv.com\/index.php\/atolye\/","title":{"rendered":"At\u00f6lyemiz"},"content":{"rendered":"\t\t<div data-elementor-type=\"wp-post\" data-elementor-id=\"34\" class=\"elementor elementor-34\">\n\t\t\t\t\t\t<section class=\"elementor-section elementor-top-section elementor-element elementor-element-f3f0774 elementor-section-boxed elementor-section-height-default elementor-section-height-default\" data-id=\"f3f0774\" data-element_type=\"section\" data-e-type=\"section\" data-settings=\"{&quot;background_background&quot;:&quot;classic&quot;}\">\n\t\t\t\t\t\t\t<div class=\"elementor-background-overlay\"><\/div>\n\t\t\t\t\t\t\t<div class=\"elementor-container elementor-column-gap-default\">\n\t\t\t\t\t<div class=\"elementor-column elementor-col-100 elementor-top-column elementor-element elementor-element-0b1f023\" data-id=\"0b1f023\" data-element_type=\"column\" data-e-type=\"column\">\n\t\t\t<div class=\"elementor-widget-wrap elementor-element-populated\">\n\t\t\t\t\t\t<section class=\"elementor-section elementor-inner-section elementor-element elementor-element-4de2976 elementor-section-boxed elementor-section-height-default elementor-section-height-default\" data-id=\"4de2976\" data-element_type=\"section\" data-e-type=\"section\">\n\t\t\t\t\t\t<div class=\"elementor-container elementor-column-gap-default\">\n\t\t\t\t\t<div class=\"elementor-column elementor-col-100 elementor-inner-column elementor-element elementor-element-2bc932d\" data-id=\"2bc932d\" data-element_type=\"column\" data-e-type=\"column\">\n\t\t\t<div class=\"elementor-widget-wrap elementor-element-populated\">\n\t\t\t\t\t\t<div class=\"elementor-element elementor-element-71a799d elementor-widget elementor-widget-heading\" data-id=\"71a799d\" data-element_type=\"widget\" data-e-type=\"widget\" data-widget_type=\"heading.default\">\n\t\t\t\t<div class=\"elementor-widget-container\">\n\t\t\t\t\t<h1 class=\"elementor-heading-title elementor-size-default\">At\u00f6lyemiz<\/h1>\t\t\t\t<\/div>\n\t\t\t\t<\/div>\n\t\t\t\t\t<\/div>\n\t\t<\/div>\n\t\t\t\t\t<\/div>\n\t\t<\/section>\n\t\t\t\t\t<\/div>\n\t\t<\/div>\n\t\t\t\t\t<\/div>\n\t\t<\/section>\n\t\t\t\t<section class=\"elementor-section elementor-top-section elementor-element elementor-element-8acaa99 elementor-section-boxed elementor-section-height-default elementor-section-height-default\" data-id=\"8acaa99\" data-element_type=\"section\" data-e-type=\"section\" data-settings=\"{&quot;background_background&quot;:&quot;classic&quot;}\">\n\t\t\t\t\t\t<div class=\"elementor-container elementor-column-gap-default\">\n\t\t\t\t\t<div class=\"elementor-column elementor-col-100 elementor-top-column elementor-element elementor-element-b85b176\" data-id=\"b85b176\" data-element_type=\"column\" data-e-type=\"column\">\n\t\t\t<div class=\"elementor-widget-wrap elementor-element-populated\">\n\t\t\t\t\t\t<section class=\"elementor-section elementor-inner-section elementor-element elementor-element-7f29dc9 elementor-section-content-middle elementor-section-boxed elementor-section-height-default elementor-section-height-default\" data-id=\"7f29dc9\" data-element_type=\"section\" data-e-type=\"section\">\n\t\t\t\t\t\t<div class=\"elementor-container elementor-column-gap-default\">\n\t\t\t\t\t<div class=\"elementor-column elementor-col-100 elementor-inner-column elementor-element elementor-element-80c6ca8\" data-id=\"80c6ca8\" data-element_type=\"column\" data-e-type=\"column\">\n\t\t\t<div class=\"elementor-widget-wrap elementor-element-populated\">\n\t\t\t\t\t\t<div class=\"elementor-element elementor-element-2b56d9a elementor-widget elementor-widget-heading\" data-id=\"2b56d9a\" data-element_type=\"widget\" data-e-type=\"widget\" data-widget_type=\"heading.default\">\n\t\t\t\t<div class=\"elementor-widget-container\">\n\t\t\t\t\t<span class=\"elementor-heading-title elementor-size-default\">1978'den beri<\/span>\t\t\t\t<\/div>\n\t\t\t\t<\/div>\n\t\t\t\t<div class=\"elementor-element elementor-element-8480f65 elementor-widget elementor-widget-heading\" data-id=\"8480f65\" data-element_type=\"widget\" data-e-type=\"widget\" data-widget_type=\"heading.default\">\n\t\t\t\t<div class=\"elementor-widget-container\">\n\t\t\t\t\t<h2 class=\"elementor-heading-title elementor-size-default\">Ahmet Limoncu<\/h2>\t\t\t\t<\/div>\n\t\t\t\t<\/div>\n\t\t\t\t<div class=\"elementor-element elementor-element-1546297 elementor-widget elementor-widget-text-editor\" data-id=\"1546297\" data-element_type=\"widget\" data-e-type=\"widget\" data-widget_type=\"text-editor.default\">\n\t\t\t\t<div class=\"elementor-widget-container\">\n\t\t\t\t\t\t\t\t\t<p>GEL\u0130\u015eEN TEKNOLOJ\u0130LER \u0130LE B\u0130RL\u0130KTE PROFESYONELLE\u015eME GEREKT\u0130REN D\u0130\u011eER B\u0130R ALAN \u0130SE HANG\u0130 ARA\u00c7 VE HANG\u0130 MARKA \u015eANZIMAN \u00dcZER\u0130NE YO\u011eUNLA\u015eMALIYDIK. D\u00dcNYADA VE \u00dcLKEM\u0130ZDE EN \u00c7OK TUTULAN VE YEDEK PAR\u00c7A KONUSUNDA TEM\u0130N ZORLU\u011eU YA\u015eANMAYACAK ALMAN ZF VE MERCEDES \u015eANZIMANLARI HEDEF ALINMI\u015eTIR. <\/p>\t\t\t\t\t\t\t\t<\/div>\n\t\t\t\t<\/div>\n\t\t\t\t\t<\/div>\n\t\t<\/div>\n\t\t\t\t\t<\/div>\n\t\t<\/section>\n\t\t\t\t\t<\/div>\n\t\t<\/div>\n\t\t\t\t\t<\/div>\n\t\t<\/section>\n\t\t\t\t<section class=\"elementor-section elementor-top-section elementor-element elementor-element-f0e6e5b elementor-section-boxed elementor-section-height-default elementor-section-height-default\" data-id=\"f0e6e5b\" data-element_type=\"section\" data-e-type=\"section\" data-settings=\"{&quot;background_background&quot;:&quot;classic&quot;}\">\n\t\t\t\t\t\t<div class=\"elementor-container elementor-column-gap-default\">\n\t\t\t\t\t<div class=\"elementor-column elementor-col-100 elementor-top-column elementor-element elementor-element-1ec303e\" data-id=\"1ec303e\" data-element_type=\"column\" data-e-type=\"column\">\n\t\t\t<div class=\"elementor-widget-wrap elementor-element-populated\">\n\t\t\t\t\t\t<div class=\"elementor-element elementor-element-2d5e673 elementor-widget elementor-widget-image-gallery\" data-id=\"2d5e673\" data-element_type=\"widget\" data-e-type=\"widget\" data-widget_type=\"image-gallery.default\">\n\t\t\t\t<div class=\"elementor-widget-container\">\n\t\t\t\t\t\t\t<div class=\"elementor-image-gallery\">\n\t\t\t<div id='gallery-1' class='gallery galleryid-34 gallery-columns-1 gallery-size-full'><figure class='gallery-item'>\n\t\t\t<div class='gallery-icon landscape'>\n\t\t\t\t<a data-elementor-open-lightbox=\"yes\" data-elementor-lightbox-slideshow=\"2d5e673\" data-elementor-lightbox-title=\"20170823_100303\" data-e-action-hash=\"#elementor-action%3Aaction%3Dlightbox%26settings%3DeyJpZCI6MjAwLCJ1cmwiOiJodHRwczpcL1wvbGltb25jdW90b21vdGl2LmNvbVwvd3AtY29udGVudFwvdXBsb2Fkc1wvMjAyMVwvMDRcLzIwMTcwODIzXzEwMDMwMy0xLXNjYWxlZC5qcGciLCJzbGlkZXNob3ciOiIyZDVlNjczIn0%3D\" href='https:\/\/limoncuotomotiv.com\/wp-content\/uploads\/2021\/04\/20170823_100303-1-scaled.jpg'><img fetchpriority=\"high\" decoding=\"async\" width=\"2560\" height=\"1920\" src=\"https:\/\/limoncuotomotiv.com\/wp-content\/uploads\/2021\/04\/20170823_100303-1-scaled.jpg\" class=\"attachment-full size-full\" alt=\"\" srcset=\"https:\/\/limoncuotomotiv.com\/wp-content\/uploads\/2021\/04\/20170823_100303-1-scaled.jpg 2560w, https:\/\/limoncuotomotiv.com\/wp-content\/uploads\/2021\/04\/20170823_100303-1-300x225.jpg 300w, https:\/\/limoncuotomotiv.com\/wp-content\/uploads\/2021\/04\/20170823_100303-1-1024x768.jpg 1024w, https:\/\/limoncuotomotiv.com\/wp-content\/uploads\/2021\/04\/20170823_100303-1-768x576.jpg 768w, https:\/\/limoncuotomotiv.com\/wp-content\/uploads\/2021\/04\/20170823_100303-1-1536x1152.jpg 1536w, https:\/\/limoncuotomotiv.com\/wp-content\/uploads\/2021\/04\/20170823_100303-1-2048x1536.jpg 2048w\" sizes=\"(max-width: 2560px) 100vw, 2560px\" \/><\/a>\n\t\t\t<\/div><\/figure><figure class='gallery-item'>\n\t\t\t<div class='gallery-icon landscape'>\n\t\t\t\t<a data-elementor-open-lightbox=\"yes\" data-elementor-lightbox-slideshow=\"2d5e673\" data-elementor-lightbox-title=\"20170823_100315\" data-e-action-hash=\"#elementor-action%3Aaction%3Dlightbox%26settings%3DeyJpZCI6MjAyLCJ1cmwiOiJodHRwczpcL1wvbGltb25jdW90b21vdGl2LmNvbVwvd3AtY29udGVudFwvdXBsb2Fkc1wvMjAyMVwvMDRcLzIwMTcwODIzXzEwMDMxNS1zY2FsZWQuanBnIiwic2xpZGVzaG93IjoiMmQ1ZTY3MyJ9\" href='https:\/\/limoncuotomotiv.com\/wp-content\/uploads\/2021\/04\/20170823_100315-scaled.jpg'><img decoding=\"async\" width=\"2560\" height=\"1920\" src=\"https:\/\/limoncuotomotiv.com\/wp-content\/uploads\/2021\/04\/20170823_100315-scaled.jpg\" class=\"attachment-full size-full\" alt=\"\" srcset=\"https:\/\/limoncuotomotiv.com\/wp-content\/uploads\/2021\/04\/20170823_100315-scaled.jpg 2560w, https:\/\/limoncuotomotiv.com\/wp-content\/uploads\/2021\/04\/20170823_100315-300x225.jpg 300w, https:\/\/limoncuotomotiv.com\/wp-content\/uploads\/2021\/04\/20170823_100315-1024x768.jpg 1024w, https:\/\/limoncuotomotiv.com\/wp-content\/uploads\/2021\/04\/20170823_100315-768x576.jpg 768w, https:\/\/limoncuotomotiv.com\/wp-content\/uploads\/2021\/04\/20170823_100315-1536x1152.jpg 1536w, https:\/\/limoncuotomotiv.com\/wp-content\/uploads\/2021\/04\/20170823_100315-2048x1536.jpg 2048w\" sizes=\"(max-width: 2560px) 100vw, 2560px\" \/><\/a>\n\t\t\t<\/div><\/figure><figure class='gallery-item'>\n\t\t\t<div class='gallery-icon landscape'>\n\t\t\t\t<a data-elementor-open-lightbox=\"yes\" data-elementor-lightbox-slideshow=\"2d5e673\" data-elementor-lightbox-title=\"20170823_100358\" data-e-action-hash=\"#elementor-action%3Aaction%3Dlightbox%26settings%3DeyJpZCI6MjAzLCJ1cmwiOiJodHRwczpcL1wvbGltb25jdW90b21vdGl2LmNvbVwvd3AtY29udGVudFwvdXBsb2Fkc1wvMjAyMVwvMDRcLzIwMTcwODIzXzEwMDM1OC0xLXNjYWxlZC5qcGciLCJzbGlkZXNob3ciOiIyZDVlNjczIn0%3D\" href='https:\/\/limoncuotomotiv.com\/wp-content\/uploads\/2021\/04\/20170823_100358-1-scaled.jpg'><img decoding=\"async\" width=\"2560\" height=\"1920\" src=\"https:\/\/limoncuotomotiv.com\/wp-content\/uploads\/2021\/04\/20170823_100358-1-scaled.jpg\" class=\"attachment-full size-full\" alt=\"\" srcset=\"https:\/\/limoncuotomotiv.com\/wp-content\/uploads\/2021\/04\/20170823_100358-1-scaled.jpg 2560w, https:\/\/limoncuotomotiv.com\/wp-content\/uploads\/2021\/04\/20170823_100358-1-300x225.jpg 300w, https:\/\/limoncuotomotiv.com\/wp-content\/uploads\/2021\/04\/20170823_100358-1-1024x768.jpg 1024w, https:\/\/limoncuotomotiv.com\/wp-content\/uploads\/2021\/04\/20170823_100358-1-768x576.jpg 768w, https:\/\/limoncuotomotiv.com\/wp-content\/uploads\/2021\/04\/20170823_100358-1-1536x1152.jpg 1536w, https:\/\/limoncuotomotiv.com\/wp-content\/uploads\/2021\/04\/20170823_100358-1-2048x1536.jpg 2048w\" sizes=\"(max-width: 2560px) 100vw, 2560px\" \/><\/a>\n\t\t\t<\/div><\/figure><figure class='gallery-item'>\n\t\t\t<div class='gallery-icon landscape'>\n\t\t\t\t<a data-elementor-open-lightbox=\"yes\" data-elementor-lightbox-slideshow=\"2d5e673\" data-elementor-lightbox-title=\"20170823_100508\" data-e-action-hash=\"#elementor-action%3Aaction%3Dlightbox%26settings%3DeyJpZCI6MjA0LCJ1cmwiOiJodHRwczpcL1wvbGltb25jdW90b21vdGl2LmNvbVwvd3AtY29udGVudFwvdXBsb2Fkc1wvMjAyMVwvMDRcLzIwMTcwODIzXzEwMDUwOC0xLXNjYWxlZC5qcGciLCJzbGlkZXNob3ciOiIyZDVlNjczIn0%3D\" href='https:\/\/limoncuotomotiv.com\/wp-content\/uploads\/2021\/04\/20170823_100508-1-scaled.jpg'><img loading=\"lazy\" decoding=\"async\" width=\"2560\" height=\"1920\" src=\"https:\/\/limoncuotomotiv.com\/wp-content\/uploads\/2021\/04\/20170823_100508-1-scaled.jpg\" class=\"attachment-full size-full\" alt=\"\" srcset=\"https:\/\/limoncuotomotiv.com\/wp-content\/uploads\/2021\/04\/20170823_100508-1-scaled.jpg 2560w, https:\/\/limoncuotomotiv.com\/wp-content\/uploads\/2021\/04\/20170823_100508-1-300x225.jpg 300w, https:\/\/limoncuotomotiv.com\/wp-content\/uploads\/2021\/04\/20170823_100508-1-1024x768.jpg 1024w, https:\/\/limoncuotomotiv.com\/wp-content\/uploads\/2021\/04\/20170823_100508-1-768x576.jpg 768w, https:\/\/limoncuotomotiv.com\/wp-content\/uploads\/2021\/04\/20170823_100508-1-1536x1152.jpg 1536w, https:\/\/limoncuotomotiv.com\/wp-content\/uploads\/2021\/04\/20170823_100508-1-2048x1536.jpg 2048w\" sizes=\"(max-width: 2560px) 100vw, 2560px\" \/><\/a>\n\t\t\t<\/div><\/figure><figure class='gallery-item'>\n\t\t\t<div class='gallery-icon landscape'>\n\t\t\t\t<a data-elementor-open-lightbox=\"yes\" data-elementor-lightbox-slideshow=\"2d5e673\" data-elementor-lightbox-title=\"20170823_100527\" data-e-action-hash=\"#elementor-action%3Aaction%3Dlightbox%26settings%3DeyJpZCI6MjA1LCJ1cmwiOiJodHRwczpcL1wvbGltb25jdW90b21vdGl2LmNvbVwvd3AtY29udGVudFwvdXBsb2Fkc1wvMjAyMVwvMDRcLzIwMTcwODIzXzEwMDUyNy1zY2FsZWQuanBnIiwic2xpZGVzaG93IjoiMmQ1ZTY3MyJ9\" href='https:\/\/limoncuotomotiv.com\/wp-content\/uploads\/2021\/04\/20170823_100527-scaled.jpg'><img loading=\"lazy\" decoding=\"async\" width=\"2560\" height=\"1920\" src=\"https:\/\/limoncuotomotiv.com\/wp-content\/uploads\/2021\/04\/20170823_100527-scaled.jpg\" class=\"attachment-full size-full\" alt=\"\" srcset=\"https:\/\/limoncuotomotiv.com\/wp-content\/uploads\/2021\/04\/20170823_100527-scaled.jpg 2560w, https:\/\/limoncuotomotiv.com\/wp-content\/uploads\/2021\/04\/20170823_100527-300x225.jpg 300w, https:\/\/limoncuotomotiv.com\/wp-content\/uploads\/2021\/04\/20170823_100527-1024x768.jpg 1024w, https:\/\/limoncuotomotiv.com\/wp-content\/uploads\/2021\/04\/20170823_100527-768x576.jpg 768w, https:\/\/limoncuotomotiv.com\/wp-content\/uploads\/2021\/04\/20170823_100527-1536x1152.jpg 1536w, https:\/\/limoncuotomotiv.com\/wp-content\/uploads\/2021\/04\/20170823_100527-2048x1536.jpg 2048w\" sizes=\"(max-width: 2560px) 100vw, 2560px\" \/><\/a>\n\t\t\t<\/div><\/figure><figure class='gallery-item'>\n\t\t\t<div class='gallery-icon landscape'>\n\t\t\t\t<a data-elementor-open-lightbox=\"yes\" data-elementor-lightbox-slideshow=\"2d5e673\" data-elementor-lightbox-title=\"ff811bb2-5ec0-4a68-bb63-cf39ac12aa78\" data-e-action-hash=\"#elementor-action%3Aaction%3Dlightbox%26settings%3DeyJpZCI6MjA2LCJ1cmwiOiJodHRwczpcL1wvbGltb25jdW90b21vdGl2LmNvbVwvd3AtY29udGVudFwvdXBsb2Fkc1wvMjAyMVwvMDRcL2ZmODExYmIyLTVlYzAtNGE2OC1iYjYzLWNmMzlhYzEyYWE3OC0xLmpwZyIsInNsaWRlc2hvdyI6IjJkNWU2NzMifQ%3D%3D\" href='https:\/\/limoncuotomotiv.com\/wp-content\/uploads\/2021\/04\/ff811bb2-5ec0-4a68-bb63-cf39ac12aa78-1.jpg'><img loading=\"lazy\" decoding=\"async\" width=\"1600\" height=\"1200\" src=\"https:\/\/limoncuotomotiv.com\/wp-content\/uploads\/2021\/04\/ff811bb2-5ec0-4a68-bb63-cf39ac12aa78-1.jpg\" class=\"attachment-full size-full\" alt=\"\" srcset=\"https:\/\/limoncuotomotiv.com\/wp-content\/uploads\/2021\/04\/ff811bb2-5ec0-4a68-bb63-cf39ac12aa78-1.jpg 1600w, https:\/\/limoncuotomotiv.com\/wp-content\/uploads\/2021\/04\/ff811bb2-5ec0-4a68-bb63-cf39ac12aa78-1-300x225.jpg 300w, https:\/\/limoncuotomotiv.com\/wp-content\/uploads\/2021\/04\/ff811bb2-5ec0-4a68-bb63-cf39ac12aa78-1-1024x768.jpg 1024w, https:\/\/limoncuotomotiv.com\/wp-content\/uploads\/2021\/04\/ff811bb2-5ec0-4a68-bb63-cf39ac12aa78-1-768x576.jpg 768w, https:\/\/limoncuotomotiv.com\/wp-content\/uploads\/2021\/04\/ff811bb2-5ec0-4a68-bb63-cf39ac12aa78-1-1536x1152.jpg 1536w\" sizes=\"(max-width: 1600px) 100vw, 1600px\" \/><\/a>\n\t\t\t<\/div><\/figure>\n\t\t<\/div>\n\t\t<\/div>\n\t\t\t\t\t\t<\/div>\n\t\t\t\t<\/div>\n\t\t\t\t\t<\/div>\n\t\t<\/div>\n\t\t\t\t\t<\/div>\n\t\t<\/section>\n\t\t\t\t<\/div>\n\t\t","protected":false},"excerpt":{"rendered":"<p>At\u00f6lyemiz 1978&#8217;den beri Ahmet Limoncu GEL\u0130\u015eEN TEKNOLOJ\u0130LER \u0130LE B\u0130RL\u0130KTE PROFESYONELLE\u015eME GEREKT\u0130REN D\u0130\u011eER B\u0130R ALAN \u0130SE HANG\u0130 ARA\u00c7 VE HANG\u0130 MARKA \u015eANZIMAN \u00dcZER\u0130NE YO\u011eUNLA\u015eMALIYDIK. D\u00dcNYADA VE \u00dcLKEM\u0130ZDE EN \u00c7OK TUTULAN VE YEDEK PAR\u00c7A KONUSUNDA TEM\u0130N ZORLU\u011eU YA\u015eANMAYACAK ALMAN ZF VE MERCEDES \u015eANZIMANLARI HEDEF ALINMI\u015eTIR.<\/p>\n","protected":false},"author":3,"featured_media":0,"parent":0,"menu_order":0,"comment_status":"closed","ping_status":"closed","template":"page-templates\/template-pagebuilder-full-width.php","meta":{"neve_meta_sidebar":"","neve_meta_container":"","neve_meta_enable_content_width":"","neve_meta_content_width":70,"neve_meta_title_alignment":"","neve_meta_author_avatar":"","neve_post_elements_order":"","neve_meta_disable_header":"","neve_meta_disable_footer":"","neve_meta_disable_title":"","_joinchat":[],"footnotes":""},"class_list":["post-34","page","type-page","status-publish","hentry"],"_links":{"self":[{"href":"https:\/\/limoncuotomotiv.com\/index.php\/wp-json\/wp\/v2\/pages\/34","targetHints":{"allow":["GET"]}}],"collection":[{"href":"https:\/\/limoncuotomotiv.com\/index.php\/wp-json\/wp\/v2\/pages"}],"about":[{"href":"https:\/\/limoncuotomotiv.com\/index.php\/wp-json\/wp\/v2\/types\/page"}],"author":[{"embeddable":true,"href":"https:\/\/limoncuotomotiv.com\/index.php\/wp-json\/wp\/v2\/users\/3"}],"replies":[{"embeddable":true,"href":"https:\/\/limoncuotomotiv.com\/index.php\/wp-json\/wp\/v2\/comments?post=34"}],"version-history":[{"count":4,"href":"https:\/\/limoncuotomotiv.com\/index.php\/wp-json\/wp\/v2\/pages\/34\/revisions"}],"predecessor-version":[{"id":226,"href":"https:\/\/limoncuotomotiv.com\/index.php\/wp-json\/wp\/v2\/pages\/34\/revisions\/226"}],"wp:attachment":[{"href":"https:\/\/limoncuotomotiv.com\/index.php\/wp-json\/wp\/v2\/media?parent=34"}],"curies":[{"name":"wp","href":"https:\/\/api.w.org\/{rel}","templated":true}]}}