{"id":396,"date":"2026-01-14T10:26:27","date_gmt":"2026-01-14T07:26:27","guid":{"rendered":"https:\/\/limoncuotomotiv.com\/?page_id=396"},"modified":"2026-01-14T10:27:11","modified_gmt":"2026-01-14T07:27:11","slug":"kvkk","status":"publish","type":"page","link":"https:\/\/limoncuotomotiv.com\/index.php\/kvkk\/","title":{"rendered":"KVKK"},"content":{"rendered":"\t\t<div data-elementor-type=\"wp-page\" data-elementor-id=\"396\" class=\"elementor elementor-396\">\n\t\t\t\t\t\t<section class=\"elementor-section elementor-top-section elementor-element elementor-element-b966e2d elementor-section-boxed elementor-section-height-default elementor-section-height-default\" data-id=\"b966e2d\" data-element_type=\"section\" data-e-type=\"section\">\n\t\t\t\t\t\t<div class=\"elementor-container elementor-column-gap-default\">\n\t\t\t\t\t<div class=\"elementor-column elementor-col-100 elementor-top-column elementor-element elementor-element-20885ed\" data-id=\"20885ed\" data-element_type=\"column\" data-e-type=\"column\">\n\t\t\t<div class=\"elementor-widget-wrap elementor-element-populated\">\n\t\t\t\t\t\t<div class=\"elementor-element elementor-element-f15a8d4 elementor-widget elementor-widget-text-editor\" data-id=\"f15a8d4\" data-element_type=\"widget\" data-e-type=\"widget\" data-widget_type=\"text-editor.default\">\n\t\t\t\t<div class=\"elementor-widget-container\">\n\t\t\t\t\t\t\t\t\t<h1 data-start=\"188\" data-end=\"260\"><strong data-start=\"190\" data-end=\"260\">K\u0130\u015e\u0130SEL VER\u0130LER\u0130N KORUNMASI VE \u0130\u015eLENMES\u0130 HAKKINDA AYDINLATMA METN\u0130<\/strong><\/h1><p data-start=\"262\" data-end=\"285\"><strong data-start=\"262\" data-end=\"285\">B\u0130LG\u0130LEND\u0130RME METN\u0130<\/strong><\/p><p data-start=\"287\" data-end=\"593\">Bu ayd\u0131nlatma metni, <strong data-start=\"308\" data-end=\"340\"><a class=\"decorated-link\" href=\"https:\/\/limoncuotomotiv.com\/\" target=\"_new\" rel=\"noopener\" data-start=\"310\" data-end=\"338\">https:\/\/limoncuotomotiv.com\/<\/a><\/strong> (\u201cSite\u201d)\u2019nin kullan\u0131m\u0131 s\u0131ras\u0131nda elde edilen ve\/veya \u00fc\u00e7\u00fcnc\u00fc ki\u015filerden al\u0131nan ki\u015fisel verilerin i\u015flenme s\u00fcre\u00e7leri ile KVKK 6698 say\u0131l\u0131 Ki\u015fisel Verilerin Korunmas\u0131 Kanunu (\u201cKVKK\u201d) ve ilgili mevzuat gere\u011fince ki\u015filere a\u00e7\u0131klanmas\u0131 amac\u0131yla haz\u0131rlanm\u0131\u015ft\u0131r.<\/p><p data-start=\"595\" data-end=\"829\"><strong data-start=\"595\" data-end=\"615\">Limoncu Otomotiv<\/strong> olarak, ki\u015fisel verilerinizin toplanma \u015fekli, i\u015flenme ama\u00e7lar\u0131, hukuki sebepleri, payla\u015f\u0131m\u0131, saklama s\u00fcreleri ve haklar\u0131n\u0131za y\u00f6nelik y\u00fck\u00fcml\u00fcl\u00fcklerimiz hakk\u0131nda sizleri \u015feffaf ve a\u00e7\u0131k bir \u015fekilde bilgilendiriyoruz.<\/p><hr data-start=\"831\" data-end=\"834\" \/><h2 data-start=\"836\" data-end=\"860\"><strong data-start=\"839\" data-end=\"860\">1. Veri Sorumlusu<\/strong><\/h2><p data-start=\"862\" data-end=\"1042\"><strong data-start=\"862\" data-end=\"881\">Veri Sorumlusu:<\/strong><br \/>Limoncu Otomotiv<br data-start=\"898\" data-end=\"901\" \/>Web Sitesi: <a class=\"decorated-link\" href=\"https:\/\/limoncuotomotiv.com\/\" target=\"_new\" rel=\"noopener\" data-start=\"913\" data-end=\"941\">https:\/\/limoncuotomotiv.com\/<\/a><br data-start=\"941\" data-end=\"944\" \/>E-posta: (Site \u00fczerinde mevcutsa e-posta adresi)<br data-start=\"992\" data-end=\"995\" \/>Adres: (Site \u00fczerinde mevcutsa adres bilgisi)<\/p><p data-start=\"1044\" data-end=\"1149\">KVKK kapsam\u0131nda, ki\u015fisel verileriniz veri sorumlusu olarak <strong data-start=\"1103\" data-end=\"1123\">Limoncu Otomotiv<\/strong> taraf\u0131ndan i\u015flenmektedir.<\/p><hr data-start=\"1151\" data-end=\"1154\" \/><h2 data-start=\"1156\" data-end=\"1201\"><strong data-start=\"1159\" data-end=\"1201\">2. Toplanan Ki\u015fisel Veriler ve Kapsam\u0131<\/strong><\/h2><p data-start=\"1203\" data-end=\"1305\">Limoncu Otomotiv, Site ziyaret\u00e7ilerinden ve kullan\u0131c\u0131lar\u0131ndan a\u015fa\u011f\u0131daki ki\u015fisel verileri toplayabilir:<\/p><h3 data-start=\"1307\" data-end=\"1346\"><strong data-start=\"1311\" data-end=\"1346\">a) Kimlik ve \u0130leti\u015fim Bilgileri<\/strong><\/h3><ul data-start=\"1347\" data-end=\"1495\"><li data-start=\"1347\" data-end=\"1360\"><p data-start=\"1349\" data-end=\"1360\">Ad, soyad<\/p><\/li><li data-start=\"1361\" data-end=\"1381\"><p data-start=\"1363\" data-end=\"1381\">Telefon numaras\u0131<\/p><\/li><li data-start=\"1382\" data-end=\"1400\"><p data-start=\"1384\" data-end=\"1400\">E-posta adresi<\/p><\/li><li data-start=\"1401\" data-end=\"1428\"><p data-start=\"1403\" data-end=\"1428\">Adres bilgileri (varsa)<\/p><\/li><li data-start=\"1429\" data-end=\"1495\"><p data-start=\"1431\" data-end=\"1495\">TC kimlik numaras\u0131 (talep edildi\u011fi ve gerekli oldu\u011fu durumlarda)<\/p><\/li><\/ul><h3 data-start=\"1497\" data-end=\"1534\"><strong data-start=\"1501\" data-end=\"1534\">b) Web Site Kullan\u0131m Verileri<\/strong><\/h3><ul data-start=\"1535\" data-end=\"1686\"><li data-start=\"1535\" data-end=\"1551\"><p data-start=\"1537\" data-end=\"1551\">IP adresiniz<\/p><\/li><li data-start=\"1552\" data-end=\"1587\"><p data-start=\"1554\" data-end=\"1587\">Siteye giri\u015f tarih-saat bilgisi<\/p><\/li><li data-start=\"1588\" data-end=\"1619\"><p data-start=\"1590\" data-end=\"1619\">Taray\u0131c\u0131 ve cihaz bilgileri<\/p><\/li><li data-start=\"1620\" data-end=\"1686\"><p data-start=\"1622\" data-end=\"1686\">\u00c7erezler ve benzeri izleme teknolojileri ile elde edilen veriler<\/p><\/li><\/ul><h3 data-start=\"1688\" data-end=\"1725\"><strong data-start=\"1692\" data-end=\"1725\">c) Talep ve \u0130leti\u015fim Verileri<\/strong><\/h3><ul data-start=\"1726\" data-end=\"1856\"><li data-start=\"1726\" data-end=\"1773\"><p data-start=\"1728\" data-end=\"1773\">Site \u00fczerindeki ileti\u015fim formu bilgileriniz<\/p><\/li><li data-start=\"1774\" data-end=\"1825\"><p data-start=\"1776\" data-end=\"1825\">Ara\u00e7 talepleri veya servis randevu bilgileriniz<\/p><\/li><li data-start=\"1826\" data-end=\"1856\"><p data-start=\"1828\" data-end=\"1856\">Soru\/sorun\/\u015fikayet mesajlar\u0131<\/p><\/li><\/ul><h3 data-start=\"1858\" data-end=\"1894\"><strong data-start=\"1862\" data-end=\"1894\">d) Sipari\u015f \/ Hizmet Verileri<\/strong><\/h3><ul data-start=\"1895\" data-end=\"1959\"><li data-start=\"1895\" data-end=\"1931\"><p data-start=\"1897\" data-end=\"1931\">Verilen hizmete ili\u015fkin bilgiler<\/p><\/li><li data-start=\"1932\" data-end=\"1959\"><p data-start=\"1934\" data-end=\"1959\">Fatura ve \u00f6deme bilgileri<\/p><\/li><\/ul><hr data-start=\"1961\" data-end=\"1964\" \/><h2 data-start=\"1966\" data-end=\"2010\"><strong data-start=\"1969\" data-end=\"2010\">3. Ki\u015fisel Verilerin \u0130\u015flenme Ama\u00e7lar\u0131<\/strong><\/h2><p data-start=\"2012\" data-end=\"2075\">Toplanan ki\u015fisel verileriniz a\u015fa\u011f\u0131daki ama\u00e7larla i\u015flenmektedir:<\/p><ul data-start=\"2077\" data-end=\"2470\"><li data-start=\"2077\" data-end=\"2128\"><p data-start=\"2079\" data-end=\"2128\">Site \u00fczerinden iletilen taleplerin cevaplanmas\u0131<\/p><\/li><li data-start=\"2129\" data-end=\"2174\"><p data-start=\"2131\" data-end=\"2174\">Hizmet ve servis taleplerinin y\u00fcr\u00fct\u00fclmesi<\/p><\/li><li data-start=\"2175\" data-end=\"2210\"><p data-start=\"2177\" data-end=\"2210\">M\u00fc\u015fteri ileti\u015fiminin sa\u011flanmas\u0131<\/p><\/li><li data-start=\"2211\" data-end=\"2269\"><p data-start=\"2213\" data-end=\"2269\">Faturalama ve muhasebe i\u015flemlerinin ger\u00e7ekle\u015ftirilmesi<\/p><\/li><li data-start=\"2270\" data-end=\"2315\"><p data-start=\"2272\" data-end=\"2315\">Site ve hizmet kalitesinin geli\u015ftirilmesi<\/p><\/li><li data-start=\"2316\" data-end=\"2360\"><p data-start=\"2318\" data-end=\"2360\">Yasal y\u00fck\u00fcml\u00fcl\u00fcklerin yerine getirilmesi<\/p><\/li><li data-start=\"2361\" data-end=\"2397\"><p data-start=\"2363\" data-end=\"2397\">Analiz ve raporlama faaliyetleri<\/p><\/li><li data-start=\"2398\" data-end=\"2470\"><p data-start=\"2400\" data-end=\"2470\">\u00c7erez ve takip teknolojileri ile kullan\u0131c\u0131 deneyiminin iyile\u015ftirilmesi<\/p><\/li><\/ul><hr data-start=\"2472\" data-end=\"2475\" \/><h2 data-start=\"2477\" data-end=\"2516\"><strong data-start=\"2480\" data-end=\"2516\">4. Ki\u015fisel Verilerin Aktar\u0131lmas\u0131<\/strong><\/h2><p data-start=\"2518\" data-end=\"2538\">Ki\u015fisel verileriniz;<\/p><ul data-start=\"2540\" data-end=\"2701\"><li data-start=\"2540\" data-end=\"2578\"><p data-start=\"2542\" data-end=\"2578\">Resm\u00ee makamlar ve yetkili merciler<\/p><\/li><li data-start=\"2579\" data-end=\"2611\"><p data-start=\"2581\" data-end=\"2611\">Teknik altyap\u0131 sa\u011flay\u0131c\u0131lar\u0131<\/p><\/li><li data-start=\"2612\" data-end=\"2656\"><p data-start=\"2614\" data-end=\"2656\">\u00d6deme ve faturalama hizmet sa\u011flay\u0131c\u0131lar\u0131<\/p><\/li><li data-start=\"2657\" data-end=\"2701\"><p data-start=\"2659\" data-end=\"2701\">Hukuki zorunluluklar gere\u011fi aktar\u0131labilir.<\/p><\/li><\/ul><p data-start=\"2703\" data-end=\"2811\">Veriler, amac\u0131na uygun ve KVKK\u2019n\u0131n \u00f6ng\u00f6rd\u00fc\u011f\u00fc \u015fekilde yurt i\u00e7i veya yurt d\u0131\u015f\u0131 \u00fc\u00e7\u00fcnc\u00fc taraflara aktar\u0131labilir.<\/p><hr data-start=\"2813\" data-end=\"2816\" \/><h2 data-start=\"2818\" data-end=\"2860\"><strong data-start=\"2821\" data-end=\"2860\">5. Ki\u015fisel Verilerin Saklama S\u00fcresi<\/strong><\/h2><p data-start=\"2862\" data-end=\"2882\">Ki\u015fisel verileriniz;<\/p><ul data-start=\"2884\" data-end=\"2978\"><li data-start=\"2884\" data-end=\"2931\"><p data-start=\"2886\" data-end=\"2931\">\u0130lgili mevzuatta \u00f6ng\u00f6r\u00fclen saklama s\u00fcreleri<\/p><\/li><li data-start=\"2932\" data-end=\"2978\"><p data-start=\"2934\" data-end=\"2978\">\u0130\u015fleme ama\u00e7lar\u0131n\u0131n gerektirdi\u011fi s\u00fcre boyunca<\/p><\/li><\/ul><p data-start=\"2980\" data-end=\"3065\">saklan\u0131r. S\u00fcre sona erdi\u011finde veriler silinir, yok edilir veya anonim hale getirilir.<\/p><hr data-start=\"3067\" data-end=\"3070\" \/><h2 data-start=\"3072\" data-end=\"3116\"><strong data-start=\"3075\" data-end=\"3116\">6. Ki\u015fisel Verilerin Toplanma Y\u00f6ntemi<\/strong><\/h2><p data-start=\"3118\" data-end=\"3138\">Ki\u015fisel verileriniz;<\/p><ul data-start=\"3140\" data-end=\"3254\"><li data-start=\"3140\" data-end=\"3167\"><p data-start=\"3142\" data-end=\"3167\">Site \u00fczerindeki formlar<\/p><\/li><li data-start=\"3168\" data-end=\"3201\"><p data-start=\"3170\" data-end=\"3201\">Elektronik ileti\u015fim kanallar\u0131<\/p><\/li><li data-start=\"3202\" data-end=\"3235\"><p data-start=\"3204\" data-end=\"3235\">\u00c7erez ve izleme teknolojileri<\/p><\/li><li data-start=\"3236\" data-end=\"3254\"><p data-start=\"3238\" data-end=\"3254\">Teknik ara\u00e7lar<\/p><\/li><\/ul><p data-start=\"3256\" data-end=\"3280\">yard\u0131m\u0131yla toplanabilir.<\/p><hr data-start=\"3282\" data-end=\"3285\" \/><h2 data-start=\"3287\" data-end=\"3314\"><strong data-start=\"3290\" data-end=\"3314\">7. Hukuki Dayanaklar<\/strong><\/h2><p data-start=\"3316\" data-end=\"3383\">Ki\u015fisel verileriniz a\u015fa\u011f\u0131daki hukuki sebeplere dayan\u0131larak i\u015flenir:<\/p><ul data-start=\"3385\" data-end=\"3545\"><li data-start=\"3385\" data-end=\"3419\"><p data-start=\"3387\" data-end=\"3419\">S\u00f6zle\u015fmenin kurulmas\u0131 ve ifas\u0131<\/p><\/li><li data-start=\"3420\" data-end=\"3471\"><p data-start=\"3422\" data-end=\"3471\">KVKK m.5 ve m.6\u2019da say\u0131lan veri i\u015fleme \u015fartlar\u0131<\/p><\/li><li data-start=\"3472\" data-end=\"3517\"><p data-start=\"3474\" data-end=\"3517\">Kanuni y\u00fck\u00fcml\u00fcl\u00fcklerin yerine getirilmesi<\/p><\/li><li data-start=\"3518\" data-end=\"3545\"><p data-start=\"3520\" data-end=\"3545\">Me\u015fru menfaatin korunmas\u0131<\/p><\/li><\/ul><hr data-start=\"3547\" data-end=\"3550\" \/><h2 data-start=\"3552\" data-end=\"3601\"><strong data-start=\"3555\" data-end=\"3601\">8. \u00c7erez Kullan\u0131m\u0131 ve \u0130zleme Teknolojileri<\/strong><\/h2><p data-start=\"3603\" data-end=\"3739\">Site performans\u0131, g\u00fcvenlik ve kullan\u0131c\u0131 deneyimi geli\u015ftirme ama\u00e7l\u0131 olarak \u00e7erez kullan\u0131lmaktad\u0131r. \u00c7erezler vas\u0131tas\u0131yla toplanan veriler;<\/p><ul data-start=\"3741\" data-end=\"3840\"><li data-start=\"3741\" data-end=\"3777\"><p data-start=\"3743\" data-end=\"3777\">Kullan\u0131c\u0131 tercihlerini hat\u0131rlama<\/p><\/li><li data-start=\"3778\" data-end=\"3796\"><p data-start=\"3780\" data-end=\"3796\">Trafik analizi<\/p><\/li><li data-start=\"3797\" data-end=\"3840\"><p data-start=\"3799\" data-end=\"3840\">Yeniden pazarlama ve reklam optimizasyonu<\/p><\/li><\/ul><p data-start=\"3842\" data-end=\"3939\">gibi ama\u00e7larla kullan\u0131labilir. \u00c7erez kullan\u0131m\u0131 ile ilgili detayl\u0131 politika ayr\u0131ca yay\u0131nlanabilir.<\/p><hr data-start=\"3941\" data-end=\"3944\" \/><h2 data-start=\"3946\" data-end=\"3978\"><strong data-start=\"3949\" data-end=\"3978\">9. Ki\u015fisel Veri G\u00fcvenli\u011fi<\/strong><\/h2><p data-start=\"3980\" data-end=\"4157\">Limoncu Otomotiv olarak, ki\u015fisel verilerin hukuka ayk\u0131r\u0131 i\u015flenmesini, yetkisiz eri\u015fimini ve kaybolmas\u0131n\u0131 \u00f6nlemek i\u00e7in gerekli t\u00fcm idari ve teknik g\u00fcvenlik tedbirlerini al\u0131yoruz.<\/p><hr data-start=\"4159\" data-end=\"4162\" \/><h2 data-start=\"4164\" data-end=\"4201\"><strong data-start=\"4167\" data-end=\"4201\">10. KVKK Kapsam\u0131nda Haklar\u0131n\u0131z<\/strong><\/h2><p data-start=\"4203\" data-end=\"4283\">KVKK\u2019n\u0131n 11. maddesi uyar\u0131nca ki\u015fisel veri sahiplerine tan\u0131nan haklar \u015funlard\u0131r:<\/p><p data-start=\"4285\" data-end=\"4770\">\u2714 Ki\u015fisel verilerinin i\u015flenip i\u015flenmedi\u011fini \u00f6\u011frenme<br data-start=\"4336\" data-end=\"4339\" \/>\u2714 \u0130\u015flenmi\u015fse bilgi talep etme<br data-start=\"4368\" data-end=\"4371\" \/>\u2714 \u0130\u015flenme amac\u0131n\u0131 ve amac\u0131na uygun kullan\u0131l\u0131p kullan\u0131lmad\u0131\u011f\u0131n\u0131 \u00f6\u011frenme<br data-start=\"4441\" data-end=\"4444\" \/>\u2714 Yurt i\u00e7inde \/ yurt d\u0131\u015f\u0131nda aktar\u0131ld\u0131\u011f\u0131 \u00fc\u00e7\u00fcnc\u00fc ki\u015fileri bilme<br data-start=\"4506\" data-end=\"4509\" \/>\u2714 Eksik\/yanl\u0131\u015f i\u015flenmi\u015fse d\u00fczeltilmesini isteme<br data-start=\"4556\" data-end=\"4559\" \/>\u2714 \u0130\u015flenme \u015fartlar\u0131 devam etmiyorsa silinmesini veya yok edilmesini isteme<br data-start=\"4632\" data-end=\"4635\" \/>\u2714 Otomatik sistemlerin analiz sonucu aleyhin bir sonuca itiraz etme<br data-start=\"4702\" data-end=\"4705\" \/>\u2714 Kanuna ayk\u0131r\u0131 i\u015fleme nedeniyle zarar\u0131n giderilmesini talep etme<\/p><hr data-start=\"4772\" data-end=\"4775\" \/><h2 data-start=\"4777\" data-end=\"4806\"><strong data-start=\"4780\" data-end=\"4806\">11. Ba\u015fvuru Y\u00f6ntemleri<\/strong><\/h2><p data-start=\"4808\" data-end=\"4899\">Hak taleplerinizi yaz\u0131l\u0131 olarak veya KVKK\u2019n\u0131n belirledi\u011fi y\u00f6ntemlerle bize iletebilirsiniz:<\/p><p data-start=\"4901\" data-end=\"5025\">\ud83d\udccd Adres: (Firman\u0131n adresi)<br data-start=\"4928\" data-end=\"4931\" \/>\ud83d\udce7 E-posta: (E-posta adresi)<br data-start=\"4959\" data-end=\"4962\" \/>(\u0130mza \/ kimlik do\u011frulama gereklilikleri de burada yer alabilir)<\/p><hr data-start=\"5027\" data-end=\"5030\" \/><h2 data-start=\"5032\" data-end=\"5051\"><strong data-start=\"5035\" data-end=\"5051\">12. Y\u00fcr\u00fcrl\u00fck<\/strong><\/h2><p data-start=\"5053\" data-end=\"5160\">Bu ayd\u0131nlatma metni, Site \u00fczerinde yay\u0131m tarihi itibar\u0131yla y\u00fcr\u00fcrl\u00fc\u011fe girer ve gerekti\u011finde g\u00fcncellenebilir.<\/p>\t\t\t\t\t\t\t\t<\/div>\n\t\t\t\t<\/div>\n\t\t\t\t\t<\/div>\n\t\t<\/div>\n\t\t\t\t\t<\/div>\n\t\t<\/section>\n\t\t\t\t<\/div>\n\t\t","protected":false},"excerpt":{"rendered":"<p>K\u0130\u015e\u0130SEL VER\u0130LER\u0130N KORUNMASI VE \u0130\u015eLENMES\u0130 HAKKINDA AYDINLATMA METN\u0130 B\u0130LG\u0130LEND\u0130RME METN\u0130 Bu ayd\u0131nlatma metni, https:\/\/limoncuotomotiv.com\/ (\u201cSite\u201d)\u2019nin kullan\u0131m\u0131 s\u0131ras\u0131nda elde edilen ve\/veya \u00fc\u00e7\u00fcnc\u00fc ki\u015filerden al\u0131nan ki\u015fisel verilerin i\u015flenme s\u00fcre\u00e7leri ile KVKK 6698 say\u0131l\u0131 Ki\u015fisel Verilerin Korunmas\u0131 Kanunu (\u201cKVKK\u201d) ve ilgili mevzuat gere\u011fince ki\u015filere a\u00e7\u0131klanmas\u0131 amac\u0131yla haz\u0131rlanm\u0131\u015ft\u0131r. Limoncu Otomotiv olarak, ki\u015fisel verilerinizin toplanma \u015fekli, i\u015flenme ama\u00e7lar\u0131, hukuki sebepleri,&hellip;&nbsp;<a href=\"https:\/\/limoncuotomotiv.com\/index.php\/kvkk\/\" rel=\"bookmark\">Daha fazlas\u0131n\u0131 oku &raquo;<span class=\"screen-reader-text\">KVKK<\/span><\/a><\/p>\n","protected":false},"author":2,"featured_media":0,"parent":0,"menu_order":0,"comment_status":"closed","ping_status":"closed","template":"page-templates\/template-pagebuilder-full-width.php","meta":{"neve_meta_sidebar":"","neve_meta_container":"","neve_meta_enable_content_width":"","neve_meta_content_width":0,"neve_meta_title_alignment":"","neve_meta_author_avatar":"","neve_post_elements_order":"","neve_meta_disable_header":"","neve_meta_disable_footer":"","neve_meta_disable_title":"","_joinchat":[],"footnotes":""},"class_list":["post-396","page","type-page","status-publish","hentry"],"_links":{"self":[{"href":"https:\/\/limoncuotomotiv.com\/index.php\/wp-json\/wp\/v2\/pages\/396","targetHints":{"allow":["GET"]}}],"collection":[{"href":"https:\/\/limoncuotomotiv.com\/index.php\/wp-json\/wp\/v2\/pages"}],"about":[{"href":"https:\/\/limoncuotomotiv.com\/index.php\/wp-json\/wp\/v2\/types\/page"}],"author":[{"embeddable":true,"href":"https:\/\/limoncuotomotiv.com\/index.php\/wp-json\/wp\/v2\/users\/2"}],"replies":[{"embeddable":true,"href":"https:\/\/limoncuotomotiv.com\/index.php\/wp-json\/wp\/v2\/comments?post=396"}],"version-history":[{"count":4,"href":"https:\/\/limoncuotomotiv.com\/index.php\/wp-json\/wp\/v2\/pages\/396\/revisions"}],"predecessor-version":[{"id":400,"href":"https:\/\/limoncuotomotiv.com\/index.php\/wp-json\/wp\/v2\/pages\/396\/revisions\/400"}],"wp:attachment":[{"href":"https:\/\/limoncuotomotiv.com\/index.php\/wp-json\/wp\/v2\/media?parent=396"}],"curies":[{"name":"wp","href":"https:\/\/api.w.org\/{rel}","templated":true}]}}