{"id":41,"date":"2019-07-16T19:39:13","date_gmt":"2019-07-16T19:39:13","guid":{"rendered":"https:\/\/demosites.io\/fitness\/?page_id=41"},"modified":"2021-04-27T14:56:02","modified_gmt":"2021-04-27T11:56:02","slug":"cikmaparcalar","status":"publish","type":"page","link":"https:\/\/limoncuotomotiv.com\/index.php\/cikmaparcalar\/","title":{"rendered":"\u00c7\u0131kma Par\u00e7alar"},"content":{"rendered":"\t\t<div data-elementor-type=\"wp-post\" data-elementor-id=\"41\" class=\"elementor elementor-41\">\n\t\t\t\t\t\t<section class=\"elementor-section elementor-top-section elementor-element elementor-element-061ca06 elementor-section-boxed elementor-section-height-default elementor-section-height-default\" data-id=\"061ca06\" data-element_type=\"section\" data-e-type=\"section\" data-settings=\"{&quot;background_background&quot;:&quot;classic&quot;}\">\n\t\t\t\t\t\t\t<div class=\"elementor-background-overlay\"><\/div>\n\t\t\t\t\t\t\t<div class=\"elementor-container elementor-column-gap-default\">\n\t\t\t\t\t<div class=\"elementor-column elementor-col-100 elementor-top-column elementor-element elementor-element-2fe8f59\" data-id=\"2fe8f59\" data-element_type=\"column\" data-e-type=\"column\">\n\t\t\t<div class=\"elementor-widget-wrap elementor-element-populated\">\n\t\t\t\t\t\t<section class=\"elementor-section elementor-inner-section elementor-element elementor-element-4990e6c elementor-section-boxed elementor-section-height-default elementor-section-height-default\" data-id=\"4990e6c\" data-element_type=\"section\" data-e-type=\"section\">\n\t\t\t\t\t\t<div class=\"elementor-container elementor-column-gap-default\">\n\t\t\t\t\t<div class=\"elementor-column elementor-col-100 elementor-inner-column elementor-element elementor-element-00b102c\" data-id=\"00b102c\" data-element_type=\"column\" data-e-type=\"column\">\n\t\t\t<div class=\"elementor-widget-wrap elementor-element-populated\">\n\t\t\t\t\t\t<div class=\"elementor-element elementor-element-2359c2d elementor-widget elementor-widget-heading\" data-id=\"2359c2d\" data-element_type=\"widget\" data-e-type=\"widget\" data-widget_type=\"heading.default\">\n\t\t\t\t<div class=\"elementor-widget-container\">\n\t\t\t\t\t<h1 class=\"elementor-heading-title elementor-size-default\">\u00c7\u0131kma Par\u00e7alar<\/h1>\t\t\t\t<\/div>\n\t\t\t\t<\/div>\n\t\t\t\t\t<\/div>\n\t\t<\/div>\n\t\t\t\t\t<\/div>\n\t\t<\/section>\n\t\t\t\t\t<\/div>\n\t\t<\/div>\n\t\t\t\t\t<\/div>\n\t\t<\/section>\n\t\t\t\t<section class=\"elementor-section elementor-top-section elementor-element elementor-element-4cadf05 elementor-section-boxed elementor-section-height-default elementor-section-height-default\" data-id=\"4cadf05\" data-element_type=\"section\" data-e-type=\"section\" data-settings=\"{&quot;background_background&quot;:&quot;classic&quot;}\">\n\t\t\t\t\t\t<div class=\"elementor-container elementor-column-gap-default\">\n\t\t\t\t\t<div class=\"elementor-column elementor-col-100 elementor-top-column elementor-element elementor-element-ddbc7f8\" data-id=\"ddbc7f8\" data-element_type=\"column\" data-e-type=\"column\">\n\t\t\t<div class=\"elementor-widget-wrap elementor-element-populated\">\n\t\t\t\t\t\t<section class=\"elementor-section elementor-inner-section elementor-element elementor-element-88bc043 elementor-section-content-middle elementor-section-boxed elementor-section-height-default elementor-section-height-default\" data-id=\"88bc043\" data-element_type=\"section\" data-e-type=\"section\">\n\t\t\t\t\t\t<div class=\"elementor-container elementor-column-gap-default\">\n\t\t\t\t\t<div class=\"elementor-column elementor-col-100 elementor-inner-column elementor-element elementor-element-2ad8e68\" data-id=\"2ad8e68\" data-element_type=\"column\" data-e-type=\"column\">\n\t\t\t<div class=\"elementor-widget-wrap elementor-element-populated\">\n\t\t\t\t\t\t<div class=\"elementor-element elementor-element-dfbbfcd elementor-widget elementor-widget-image-gallery\" data-id=\"dfbbfcd\" data-element_type=\"widget\" data-e-type=\"widget\" data-widget_type=\"image-gallery.default\">\n\t\t\t\t<div class=\"elementor-widget-container\">\n\t\t\t\t\t\t\t<div class=\"elementor-image-gallery\">\n\t\t\t<div id='gallery-1' class='gallery galleryid-41 gallery-columns-1 gallery-size-full'><figure class='gallery-item'>\n\t\t\t<div class='gallery-icon portrait'>\n\t\t\t\t<a data-elementor-open-lightbox=\"yes\" data-elementor-lightbox-slideshow=\"dfbbfcd\" data-elementor-lightbox-title=\"14b43d38-af39-495b-ac84-fb399ca59a04\" data-e-action-hash=\"#elementor-action%3Aaction%3Dlightbox%26settings%3DeyJpZCI6MjEzLCJ1cmwiOiJodHRwczpcL1wvbGltb25jdW90b21vdGl2LmNvbVwvd3AtY29udGVudFwvdXBsb2Fkc1wvMjAyMVwvMDRcLzE0YjQzZDM4LWFmMzktNDk1Yi1hYzg0LWZiMzk5Y2E1OWEwNC5qcGciLCJzbGlkZXNob3ciOiJkZmJiZmNkIn0%3D\" href='https:\/\/limoncuotomotiv.com\/wp-content\/uploads\/2021\/04\/14b43d38-af39-495b-ac84-fb399ca59a04.jpg'><img fetchpriority=\"high\" decoding=\"async\" width=\"1200\" height=\"1600\" src=\"https:\/\/limoncuotomotiv.com\/wp-content\/uploads\/2021\/04\/14b43d38-af39-495b-ac84-fb399ca59a04.jpg\" class=\"attachment-full size-full\" alt=\"\" srcset=\"https:\/\/limoncuotomotiv.com\/wp-content\/uploads\/2021\/04\/14b43d38-af39-495b-ac84-fb399ca59a04.jpg 1200w, https:\/\/limoncuotomotiv.com\/wp-content\/uploads\/2021\/04\/14b43d38-af39-495b-ac84-fb399ca59a04-225x300.jpg 225w, https:\/\/limoncuotomotiv.com\/wp-content\/uploads\/2021\/04\/14b43d38-af39-495b-ac84-fb399ca59a04-768x1024.jpg 768w, https:\/\/limoncuotomotiv.com\/wp-content\/uploads\/2021\/04\/14b43d38-af39-495b-ac84-fb399ca59a04-1152x1536.jpg 1152w\" sizes=\"(max-width: 1200px) 100vw, 1200px\" \/><\/a>\n\t\t\t<\/div><\/figure><figure class='gallery-item'>\n\t\t\t<div class='gallery-icon landscape'>\n\t\t\t\t<a data-elementor-open-lightbox=\"yes\" data-elementor-lightbox-slideshow=\"dfbbfcd\" data-elementor-lightbox-title=\"38bce229-2e76-4b10-9a94-12f870b349e8\" data-e-action-hash=\"#elementor-action%3Aaction%3Dlightbox%26settings%3DeyJpZCI6MjE0LCJ1cmwiOiJodHRwczpcL1wvbGltb25jdW90b21vdGl2LmNvbVwvd3AtY29udGVudFwvdXBsb2Fkc1wvMjAyMVwvMDRcLzM4YmNlMjI5LTJlNzYtNGIxMC05YTk0LTEyZjg3MGIzNDllOC5qcGciLCJzbGlkZXNob3ciOiJkZmJiZmNkIn0%3D\" href='https:\/\/limoncuotomotiv.com\/wp-content\/uploads\/2021\/04\/38bce229-2e76-4b10-9a94-12f870b349e8.jpg'><img decoding=\"async\" width=\"1600\" height=\"1200\" src=\"https:\/\/limoncuotomotiv.com\/wp-content\/uploads\/2021\/04\/38bce229-2e76-4b10-9a94-12f870b349e8.jpg\" class=\"attachment-full size-full\" alt=\"\" srcset=\"https:\/\/limoncuotomotiv.com\/wp-content\/uploads\/2021\/04\/38bce229-2e76-4b10-9a94-12f870b349e8.jpg 1600w, https:\/\/limoncuotomotiv.com\/wp-content\/uploads\/2021\/04\/38bce229-2e76-4b10-9a94-12f870b349e8-300x225.jpg 300w, https:\/\/limoncuotomotiv.com\/wp-content\/uploads\/2021\/04\/38bce229-2e76-4b10-9a94-12f870b349e8-1024x768.jpg 1024w, https:\/\/limoncuotomotiv.com\/wp-content\/uploads\/2021\/04\/38bce229-2e76-4b10-9a94-12f870b349e8-768x576.jpg 768w, https:\/\/limoncuotomotiv.com\/wp-content\/uploads\/2021\/04\/38bce229-2e76-4b10-9a94-12f870b349e8-1536x1152.jpg 1536w\" sizes=\"(max-width: 1600px) 100vw, 1600px\" \/><\/a>\n\t\t\t<\/div><\/figure><figure class='gallery-item'>\n\t\t\t<div class='gallery-icon landscape'>\n\t\t\t\t<a data-elementor-open-lightbox=\"yes\" data-elementor-lightbox-slideshow=\"dfbbfcd\" data-elementor-lightbox-title=\"a1\" data-e-action-hash=\"#elementor-action%3Aaction%3Dlightbox%26settings%3DeyJpZCI6MjE1LCJ1cmwiOiJodHRwczpcL1wvbGltb25jdW90b21vdGl2LmNvbVwvd3AtY29udGVudFwvdXBsb2Fkc1wvMjAyMVwvMDRcL2ExLmpwZyIsInNsaWRlc2hvdyI6ImRmYmJmY2QifQ%3D%3D\" href='https:\/\/limoncuotomotiv.com\/wp-content\/uploads\/2021\/04\/a1.jpg'><img decoding=\"async\" width=\"640\" height=\"359\" src=\"https:\/\/limoncuotomotiv.com\/wp-content\/uploads\/2021\/04\/a1.jpg\" class=\"attachment-full size-full\" alt=\"\" srcset=\"https:\/\/limoncuotomotiv.com\/wp-content\/uploads\/2021\/04\/a1.jpg 640w, https:\/\/limoncuotomotiv.com\/wp-content\/uploads\/2021\/04\/a1-300x168.jpg 300w\" sizes=\"(max-width: 640px) 100vw, 640px\" \/><\/a>\n\t\t\t<\/div><\/figure><figure class='gallery-item'>\n\t\t\t<div class='gallery-icon portrait'>\n\t\t\t\t<a data-elementor-open-lightbox=\"yes\" data-elementor-lightbox-slideshow=\"dfbbfcd\" data-elementor-lightbox-title=\"a2\" data-e-action-hash=\"#elementor-action%3Aaction%3Dlightbox%26settings%3DeyJpZCI6MjE2LCJ1cmwiOiJodHRwczpcL1wvbGltb25jdW90b21vdGl2LmNvbVwvd3AtY29udGVudFwvdXBsb2Fkc1wvMjAyMVwvMDRcL2EyLmpwZyIsInNsaWRlc2hvdyI6ImRmYmJmY2QifQ%3D%3D\" href='https:\/\/limoncuotomotiv.com\/wp-content\/uploads\/2021\/04\/a2.jpg'><img loading=\"lazy\" decoding=\"async\" width=\"480\" height=\"640\" src=\"https:\/\/limoncuotomotiv.com\/wp-content\/uploads\/2021\/04\/a2.jpg\" class=\"attachment-full size-full\" alt=\"\" srcset=\"https:\/\/limoncuotomotiv.com\/wp-content\/uploads\/2021\/04\/a2.jpg 480w, https:\/\/limoncuotomotiv.com\/wp-content\/uploads\/2021\/04\/a2-225x300.jpg 225w\" sizes=\"(max-width: 480px) 100vw, 480px\" \/><\/a>\n\t\t\t<\/div><\/figure><figure class='gallery-item'>\n\t\t\t<div class='gallery-icon landscape'>\n\t\t\t\t<a data-elementor-open-lightbox=\"yes\" data-elementor-lightbox-slideshow=\"dfbbfcd\" data-elementor-lightbox-title=\"a7\" data-e-action-hash=\"#elementor-action%3Aaction%3Dlightbox%26settings%3DeyJpZCI6MjE3LCJ1cmwiOiJodHRwczpcL1wvbGltb25jdW90b21vdGl2LmNvbVwvd3AtY29udGVudFwvdXBsb2Fkc1wvMjAyMVwvMDRcL2E3LmpwZyIsInNsaWRlc2hvdyI6ImRmYmJmY2QifQ%3D%3D\" href='https:\/\/limoncuotomotiv.com\/wp-content\/uploads\/2021\/04\/a7.jpg'><img loading=\"lazy\" decoding=\"async\" width=\"640\" height=\"359\" src=\"https:\/\/limoncuotomotiv.com\/wp-content\/uploads\/2021\/04\/a7.jpg\" class=\"attachment-full size-full\" alt=\"\" srcset=\"https:\/\/limoncuotomotiv.com\/wp-content\/uploads\/2021\/04\/a7.jpg 640w, https:\/\/limoncuotomotiv.com\/wp-content\/uploads\/2021\/04\/a7-300x168.jpg 300w\" sizes=\"(max-width: 640px) 100vw, 640px\" \/><\/a>\n\t\t\t<\/div><\/figure><figure class='gallery-item'>\n\t\t\t<div class='gallery-icon landscape'>\n\t\t\t\t<a data-elementor-open-lightbox=\"yes\" data-elementor-lightbox-slideshow=\"dfbbfcd\" data-elementor-lightbox-title=\"b03fb580-b3d0-49d7-98ab-026edcf2c210\" data-e-action-hash=\"#elementor-action%3Aaction%3Dlightbox%26settings%3DeyJpZCI6MjE4LCJ1cmwiOiJodHRwczpcL1wvbGltb25jdW90b21vdGl2LmNvbVwvd3AtY29udGVudFwvdXBsb2Fkc1wvMjAyMVwvMDRcL2IwM2ZiNTgwLWIzZDAtNDlkNy05OGFiLTAyNmVkY2YyYzIxMC5qcGciLCJzbGlkZXNob3ciOiJkZmJiZmNkIn0%3D\" href='https:\/\/limoncuotomotiv.com\/wp-content\/uploads\/2021\/04\/b03fb580-b3d0-49d7-98ab-026edcf2c210.jpg'><img loading=\"lazy\" decoding=\"async\" width=\"1600\" height=\"1200\" src=\"https:\/\/limoncuotomotiv.com\/wp-content\/uploads\/2021\/04\/b03fb580-b3d0-49d7-98ab-026edcf2c210.jpg\" class=\"attachment-full size-full\" alt=\"\" srcset=\"https:\/\/limoncuotomotiv.com\/wp-content\/uploads\/2021\/04\/b03fb580-b3d0-49d7-98ab-026edcf2c210.jpg 1600w, https:\/\/limoncuotomotiv.com\/wp-content\/uploads\/2021\/04\/b03fb580-b3d0-49d7-98ab-026edcf2c210-300x225.jpg 300w, https:\/\/limoncuotomotiv.com\/wp-content\/uploads\/2021\/04\/b03fb580-b3d0-49d7-98ab-026edcf2c210-1024x768.jpg 1024w, https:\/\/limoncuotomotiv.com\/wp-content\/uploads\/2021\/04\/b03fb580-b3d0-49d7-98ab-026edcf2c210-768x576.jpg 768w, https:\/\/limoncuotomotiv.com\/wp-content\/uploads\/2021\/04\/b03fb580-b3d0-49d7-98ab-026edcf2c210-1536x1152.jpg 1536w\" sizes=\"(max-width: 1600px) 100vw, 1600px\" \/><\/a>\n\t\t\t<\/div><\/figure><figure class='gallery-item'>\n\t\t\t<div class='gallery-icon landscape'>\n\t\t\t\t<a data-elementor-open-lightbox=\"yes\" data-elementor-lightbox-slideshow=\"dfbbfcd\" data-elementor-lightbox-title=\"c8d6f6bc-9959-4aff-bf67-df9657093b0b\" data-e-action-hash=\"#elementor-action%3Aaction%3Dlightbox%26settings%3DeyJpZCI6MjE5LCJ1cmwiOiJodHRwczpcL1wvbGltb25jdW90b21vdGl2LmNvbVwvd3AtY29udGVudFwvdXBsb2Fkc1wvMjAyMVwvMDRcL2M4ZDZmNmJjLTk5NTktNGFmZi1iZjY3LWRmOTY1NzA5M2IwYi5qcGciLCJzbGlkZXNob3ciOiJkZmJiZmNkIn0%3D\" href='https:\/\/limoncuotomotiv.com\/wp-content\/uploads\/2021\/04\/c8d6f6bc-9959-4aff-bf67-df9657093b0b.jpg'><img loading=\"lazy\" decoding=\"async\" width=\"1600\" height=\"1200\" src=\"https:\/\/limoncuotomotiv.com\/wp-content\/uploads\/2021\/04\/c8d6f6bc-9959-4aff-bf67-df9657093b0b.jpg\" class=\"attachment-full size-full\" alt=\"\" srcset=\"https:\/\/limoncuotomotiv.com\/wp-content\/uploads\/2021\/04\/c8d6f6bc-9959-4aff-bf67-df9657093b0b.jpg 1600w, https:\/\/limoncuotomotiv.com\/wp-content\/uploads\/2021\/04\/c8d6f6bc-9959-4aff-bf67-df9657093b0b-300x225.jpg 300w, https:\/\/limoncuotomotiv.com\/wp-content\/uploads\/2021\/04\/c8d6f6bc-9959-4aff-bf67-df9657093b0b-1024x768.jpg 1024w, https:\/\/limoncuotomotiv.com\/wp-content\/uploads\/2021\/04\/c8d6f6bc-9959-4aff-bf67-df9657093b0b-768x576.jpg 768w, https:\/\/limoncuotomotiv.com\/wp-content\/uploads\/2021\/04\/c8d6f6bc-9959-4aff-bf67-df9657093b0b-1536x1152.jpg 1536w\" sizes=\"(max-width: 1600px) 100vw, 1600px\" \/><\/a>\n\t\t\t<\/div><\/figure><figure class='gallery-item'>\n\t\t\t<div class='gallery-icon portrait'>\n\t\t\t\t<a data-elementor-open-lightbox=\"yes\" data-elementor-lightbox-slideshow=\"dfbbfcd\" data-elementor-lightbox-title=\"f1405071-3648-469d-b41b-441c836b923e (1)\" data-e-action-hash=\"#elementor-action%3Aaction%3Dlightbox%26settings%3DeyJpZCI6MjIwLCJ1cmwiOiJodHRwczpcL1wvbGltb25jdW90b21vdGl2LmNvbVwvd3AtY29udGVudFwvdXBsb2Fkc1wvMjAyMVwvMDRcL2YxNDA1MDcxLTM2NDgtNDY5ZC1iNDFiLTQ0MWM4MzZiOTIzZS0xLmpwZyIsInNsaWRlc2hvdyI6ImRmYmJmY2QifQ%3D%3D\" href='https:\/\/limoncuotomotiv.com\/wp-content\/uploads\/2021\/04\/f1405071-3648-469d-b41b-441c836b923e-1.jpg'><img loading=\"lazy\" decoding=\"async\" width=\"1200\" height=\"1600\" src=\"https:\/\/limoncuotomotiv.com\/wp-content\/uploads\/2021\/04\/f1405071-3648-469d-b41b-441c836b923e-1.jpg\" class=\"attachment-full size-full\" alt=\"\" srcset=\"https:\/\/limoncuotomotiv.com\/wp-content\/uploads\/2021\/04\/f1405071-3648-469d-b41b-441c836b923e-1.jpg 1200w, https:\/\/limoncuotomotiv.com\/wp-content\/uploads\/2021\/04\/f1405071-3648-469d-b41b-441c836b923e-1-225x300.jpg 225w, https:\/\/limoncuotomotiv.com\/wp-content\/uploads\/2021\/04\/f1405071-3648-469d-b41b-441c836b923e-1-768x1024.jpg 768w, https:\/\/limoncuotomotiv.com\/wp-content\/uploads\/2021\/04\/f1405071-3648-469d-b41b-441c836b923e-1-1152x1536.jpg 1152w\" sizes=\"(max-width: 1200px) 100vw, 1200px\" \/><\/a>\n\t\t\t<\/div><\/figure><figure class='gallery-item'>\n\t\t\t<div class='gallery-icon portrait'>\n\t\t\t\t<a data-elementor-open-lightbox=\"yes\" data-elementor-lightbox-slideshow=\"dfbbfcd\" data-elementor-lightbox-title=\"f1405071-3648-469d-b41b-441c836b923e\" data-e-action-hash=\"#elementor-action%3Aaction%3Dlightbox%26settings%3DeyJpZCI6MjIxLCJ1cmwiOiJodHRwczpcL1wvbGltb25jdW90b21vdGl2LmNvbVwvd3AtY29udGVudFwvdXBsb2Fkc1wvMjAyMVwvMDRcL2YxNDA1MDcxLTM2NDgtNDY5ZC1iNDFiLTQ0MWM4MzZiOTIzZS5qcGciLCJzbGlkZXNob3ciOiJkZmJiZmNkIn0%3D\" href='https:\/\/limoncuotomotiv.com\/wp-content\/uploads\/2021\/04\/f1405071-3648-469d-b41b-441c836b923e.jpg'><img loading=\"lazy\" decoding=\"async\" width=\"1200\" height=\"1600\" src=\"https:\/\/limoncuotomotiv.com\/wp-content\/uploads\/2021\/04\/f1405071-3648-469d-b41b-441c836b923e.jpg\" class=\"attachment-full size-full\" alt=\"\" srcset=\"https:\/\/limoncuotomotiv.com\/wp-content\/uploads\/2021\/04\/f1405071-3648-469d-b41b-441c836b923e.jpg 1200w, https:\/\/limoncuotomotiv.com\/wp-content\/uploads\/2021\/04\/f1405071-3648-469d-b41b-441c836b923e-225x300.jpg 225w, https:\/\/limoncuotomotiv.com\/wp-content\/uploads\/2021\/04\/f1405071-3648-469d-b41b-441c836b923e-768x1024.jpg 768w, https:\/\/limoncuotomotiv.com\/wp-content\/uploads\/2021\/04\/f1405071-3648-469d-b41b-441c836b923e-1152x1536.jpg 1152w\" sizes=\"(max-width: 1200px) 100vw, 1200px\" \/><\/a>\n\t\t\t<\/div><\/figure>\n\t\t<\/div>\n\t\t<\/div>\n\t\t\t\t\t\t<\/div>\n\t\t\t\t<\/div>\n\t\t\t\t\t<\/div>\n\t\t<\/div>\n\t\t\t\t\t<\/div>\n\t\t<\/section>\n\t\t\t\t\t<\/div>\n\t\t<\/div>\n\t\t\t\t\t<\/div>\n\t\t<\/section>\n\t\t\t\t<\/div>\n\t\t","protected":false},"excerpt":{"rendered":"<p>\u00c7\u0131kma Par\u00e7alar<\/p>\n","protected":false},"author":3,"featured_media":0,"parent":0,"menu_order":0,"comment_status":"closed","ping_status":"closed","template":"page-templates\/template-pagebuilder-full-width.php","meta":{"neve_meta_sidebar":"","neve_meta_container":"","neve_meta_enable_content_width":"","neve_meta_content_width":70,"neve_meta_title_alignment":"","neve_meta_author_avatar":"","neve_post_elements_order":"","neve_meta_disable_header":"","neve_meta_disable_footer":"","neve_meta_disable_title":"","_joinchat":[],"footnotes":""},"class_list":["post-41","page","type-page","status-publish","hentry"],"_links":{"self":[{"href":"https:\/\/limoncuotomotiv.com\/index.php\/wp-json\/wp\/v2\/pages\/41","targetHints":{"allow":["GET"]}}],"collection":[{"href":"https:\/\/limoncuotomotiv.com\/index.php\/wp-json\/wp\/v2\/pages"}],"about":[{"href":"https:\/\/limoncuotomotiv.com\/index.php\/wp-json\/wp\/v2\/types\/page"}],"author":[{"embeddable":true,"href":"https:\/\/limoncuotomotiv.com\/index.php\/wp-json\/wp\/v2\/users\/3"}],"replies":[{"embeddable":true,"href":"https:\/\/limoncuotomotiv.com\/index.php\/wp-json\/wp\/v2\/comments?post=41"}],"version-history":[{"count":4,"href":"https:\/\/limoncuotomotiv.com\/index.php\/wp-json\/wp\/v2\/pages\/41\/revisions"}],"predecessor-version":[{"id":227,"href":"https:\/\/limoncuotomotiv.com\/index.php\/wp-json\/wp\/v2\/pages\/41\/revisions\/227"}],"wp:attachment":[{"href":"https:\/\/limoncuotomotiv.com\/index.php\/wp-json\/wp\/v2\/media?parent=41"}],"curies":[{"name":"wp","href":"https:\/\/api.w.org\/{rel}","templated":true}]}}