{"id":42,"date":"2019-07-16T20:22:55","date_gmt":"2019-07-16T20:22:55","guid":{"rendered":"https:\/\/demosites.io\/fitness\/?page_id=42"},"modified":"2021-05-15T09:00:50","modified_gmt":"2021-05-15T06:00:50","slug":"hakkimizda","status":"publish","type":"page","link":"https:\/\/limoncuotomotiv.com\/index.php\/hakkimizda\/","title":{"rendered":"Hakk\u0131m\u0131zda"},"content":{"rendered":"\t\t<div data-elementor-type=\"wp-post\" data-elementor-id=\"42\" class=\"elementor elementor-42\">\n\t\t\t\t\t\t<section class=\"elementor-section elementor-top-section elementor-element elementor-element-1126b2d elementor-section-boxed elementor-section-height-default elementor-section-height-default\" data-id=\"1126b2d\" data-element_type=\"section\" data-e-type=\"section\">\n\t\t\t\t\t\t<div class=\"elementor-container elementor-column-gap-default\">\n\t\t\t\t\t<div class=\"elementor-column elementor-col-100 elementor-top-column elementor-element elementor-element-0effe7e\" data-id=\"0effe7e\" data-element_type=\"column\" data-e-type=\"column\">\n\t\t\t<div class=\"elementor-widget-wrap elementor-element-populated\">\n\t\t\t\t\t\t<div class=\"elementor-element elementor-element-66710cb elementor-widget elementor-widget-image\" data-id=\"66710cb\" data-element_type=\"widget\" data-e-type=\"widget\" data-widget_type=\"image.default\">\n\t\t\t\t<div class=\"elementor-widget-container\">\n\t\t\t\t\t\t\t\t\t\t\t\t\t\t\t<img fetchpriority=\"high\" decoding=\"async\" width=\"768\" height=\"469\" src=\"https:\/\/limoncuotomotiv.com\/wp-content\/uploads\/2021\/05\/PDK-768x469.jpg\" class=\"attachment-medium_large size-medium_large wp-image-350\" alt=\"\" srcset=\"https:\/\/limoncuotomotiv.com\/wp-content\/uploads\/2021\/05\/PDK-768x469.jpg 768w, https:\/\/limoncuotomotiv.com\/wp-content\/uploads\/2021\/05\/PDK-300x183.jpg 300w, https:\/\/limoncuotomotiv.com\/wp-content\/uploads\/2021\/05\/PDK-1024x626.jpg 1024w, https:\/\/limoncuotomotiv.com\/wp-content\/uploads\/2021\/05\/PDK.jpg 1280w\" sizes=\"(max-width: 768px) 100vw, 768px\" \/>\t\t\t\t\t\t\t\t\t\t\t\t\t\t\t<\/div>\n\t\t\t\t<\/div>\n\t\t\t\t\t<\/div>\n\t\t<\/div>\n\t\t\t\t\t<\/div>\n\t\t<\/section>\n\t\t\t\t<section class=\"elementor-section elementor-top-section elementor-element elementor-element-4946689 elementor-section-boxed elementor-section-height-default elementor-section-height-default\" data-id=\"4946689\" data-element_type=\"section\" data-e-type=\"section\">\n\t\t\t\t\t\t<div class=\"elementor-container elementor-column-gap-default\">\n\t\t\t\t\t<div class=\"elementor-column elementor-col-100 elementor-top-column elementor-element elementor-element-91ae8ab\" data-id=\"91ae8ab\" data-element_type=\"column\" data-e-type=\"column\">\n\t\t\t<div class=\"elementor-widget-wrap elementor-element-populated\">\n\t\t\t\t\t\t<section class=\"elementor-section elementor-inner-section elementor-element elementor-element-92fa3a9 elementor-section-boxed elementor-section-height-default elementor-section-height-default\" data-id=\"92fa3a9\" data-element_type=\"section\" data-e-type=\"section\">\n\t\t\t\t\t\t<div class=\"elementor-container elementor-column-gap-default\">\n\t\t\t\t\t<div class=\"elementor-column elementor-col-50 elementor-inner-column elementor-element elementor-element-ffd657f\" data-id=\"ffd657f\" data-element_type=\"column\" data-e-type=\"column\">\n\t\t\t<div class=\"elementor-widget-wrap elementor-element-populated\">\n\t\t\t\t\t\t<div class=\"elementor-element elementor-element-1db83b9 elementor-widget elementor-widget-image\" data-id=\"1db83b9\" data-element_type=\"widget\" data-e-type=\"widget\" data-widget_type=\"image.default\">\n\t\t\t\t<div class=\"elementor-widget-container\">\n\t\t\t\t\t\t\t\t\t\t\t\t\t\t\t<img decoding=\"async\" src=\"https:\/\/limoncuotomotiv.com\/wp-content\/uploads\/2021\/05\/3008941.jpeg\" title=\"3008941\" alt=\"3008941\" loading=\"lazy\" \/>\t\t\t\t\t\t\t\t\t\t\t\t\t\t\t<\/div>\n\t\t\t\t<\/div>\n\t\t\t\t\t<\/div>\n\t\t<\/div>\n\t\t\t\t<div class=\"elementor-column elementor-col-50 elementor-inner-column elementor-element elementor-element-10814e7\" data-id=\"10814e7\" data-element_type=\"column\" data-e-type=\"column\" data-settings=\"{&quot;background_background&quot;:&quot;classic&quot;}\">\n\t\t\t<div class=\"elementor-widget-wrap elementor-element-populated\">\n\t\t\t\t\t\t<div class=\"elementor-element elementor-element-9966914 elementor-widget elementor-widget-heading\" data-id=\"9966914\" data-element_type=\"widget\" data-e-type=\"widget\" data-widget_type=\"heading.default\">\n\t\t\t\t<div class=\"elementor-widget-container\">\n\t\t\t\t\t<h2 class=\"elementor-heading-title elementor-size-default\">Vizyonumuz<\/h2>\t\t\t\t<\/div>\n\t\t\t\t<\/div>\n\t\t\t\t<div class=\"elementor-element elementor-element-a92c4c4 elementor-widget-divider--view-line elementor-widget elementor-widget-divider\" data-id=\"a92c4c4\" data-element_type=\"widget\" data-e-type=\"widget\" data-widget_type=\"divider.default\">\n\t\t\t\t<div class=\"elementor-widget-container\">\n\t\t\t\t\t\t\t<div class=\"elementor-divider\">\n\t\t\t<span class=\"elementor-divider-separator\">\n\t\t\t\t\t\t<\/span>\n\t\t<\/div>\n\t\t\t\t\t\t<\/div>\n\t\t\t\t<\/div>\n\t\t\t\t<div class=\"elementor-element elementor-element-ca61400 elementor-widget elementor-widget-text-editor\" data-id=\"ca61400\" data-element_type=\"widget\" data-e-type=\"widget\" data-widget_type=\"text-editor.default\">\n\t\t\t\t<div class=\"elementor-widget-container\">\n\t\t\t\t\t\t\t\t\t<p>M\u00dc\u015eTER\u0130LER\u0130M\u0130Z\u0130N F\u0130RMAMIZA VE \u00dcR\u00dcNLER\u0130M\u0130ZE OLAN G\u00dcVEN\u0130N\u0130 S\u00dcREKL\u0130 KILMAK , \u00dcLKEM\u0130Z , \u00c7ALI\u015eMA ARKADA\u015eLARIMIZ ADINA FARK OLU\u015eTURAN B\u0130R \u015e\u0130RKET OLMAKTIR.<br \/>A\u011eIR VASITA \u015eANZIMAN ( ZF \u2013 MERCEDES ) \u0130HT\u0130YACINI KAL\u0130TE VE UYGUN F\u0130YAT DENGES\u0130 G\u00d6ZETEREK DE\u011eERL\u0130 M\u00dc\u015eTER\u0130LER\u0130M\u0130Z\u0130N SORUNSUZ \u0130LERLEMES\u0130N\u0130 SA\u011eLAMAKTIR. <\/p>\t\t\t\t\t\t\t\t<\/div>\n\t\t\t\t<\/div>\n\t\t\t\t\t<\/div>\n\t\t<\/div>\n\t\t\t\t\t<\/div>\n\t\t<\/section>\n\t\t\t\t<section class=\"elementor-section elementor-inner-section elementor-element elementor-element-0002a80 elementor-section-content-top elementor-section-boxed elementor-section-height-default elementor-section-height-default\" data-id=\"0002a80\" data-element_type=\"section\" data-e-type=\"section\">\n\t\t\t\t\t\t<div class=\"elementor-container elementor-column-gap-default\">\n\t\t\t\t\t<div class=\"elementor-column elementor-col-50 elementor-inner-column elementor-element elementor-element-66db723\" data-id=\"66db723\" data-element_type=\"column\" data-e-type=\"column\" data-settings=\"{&quot;background_background&quot;:&quot;classic&quot;}\">\n\t\t\t<div class=\"elementor-widget-wrap elementor-element-populated\">\n\t\t\t\t\t\t<div class=\"elementor-element elementor-element-e0f0778 elementor-widget elementor-widget-heading\" data-id=\"e0f0778\" data-element_type=\"widget\" data-e-type=\"widget\" data-widget_type=\"heading.default\">\n\t\t\t\t<div class=\"elementor-widget-container\">\n\t\t\t\t\t<h2 class=\"elementor-heading-title elementor-size-default\">Misyonumuz<\/h2>\t\t\t\t<\/div>\n\t\t\t\t<\/div>\n\t\t\t\t<div class=\"elementor-element elementor-element-1692912 elementor-widget-divider--view-line elementor-widget elementor-widget-divider\" data-id=\"1692912\" data-element_type=\"widget\" data-e-type=\"widget\" data-widget_type=\"divider.default\">\n\t\t\t\t<div class=\"elementor-widget-container\">\n\t\t\t\t\t\t\t<div class=\"elementor-divider\">\n\t\t\t<span class=\"elementor-divider-separator\">\n\t\t\t\t\t\t<\/span>\n\t\t<\/div>\n\t\t\t\t\t\t<\/div>\n\t\t\t\t<\/div>\n\t\t\t\t<div class=\"elementor-element elementor-element-2b3a009 elementor-widget elementor-widget-text-editor\" data-id=\"2b3a009\" data-element_type=\"widget\" data-e-type=\"widget\" data-widget_type=\"text-editor.default\">\n\t\t\t\t<div class=\"elementor-widget-container\">\n\t\t\t\t\t\t\t\t\t<p>A\u011eIR VASITA \u015eANZIMAN \u00dcZER\u0130NE YEN\u0130L\u0130K\u00c7\u0130 VE GEL\u0130\u015eEN TEKNOLOJ\u0130LER\u0130N TAK\u0130B\u0130 VE UYGULANMASI\u2026 \u015eANZIMAN \u00dcZER\u0130NE YEN\u0130L\u0130K\u00c7\u0130, KAL\u0130TEL\u0130 H\u0130ZMET SUNULMASI<\/p>\t\t\t\t\t\t\t\t<\/div>\n\t\t\t\t<\/div>\n\t\t\t\t\t<\/div>\n\t\t<\/div>\n\t\t\t\t<div class=\"elementor-column elementor-col-50 elementor-inner-column elementor-element elementor-element-40b5e6d\" data-id=\"40b5e6d\" data-element_type=\"column\" data-e-type=\"column\">\n\t\t\t<div class=\"elementor-widget-wrap elementor-element-populated\">\n\t\t\t\t\t\t<div class=\"elementor-element elementor-element-ed83909 elementor-widget elementor-widget-image\" data-id=\"ed83909\" data-element_type=\"widget\" data-e-type=\"widget\" data-widget_type=\"image.default\">\n\t\t\t\t<div class=\"elementor-widget-container\">\n\t\t\t\t\t\t\t\t\t\t\t\t\t\t\t<img decoding=\"async\" width=\"1024\" height=\"768\" src=\"https:\/\/limoncuotomotiv.com\/wp-content\/uploads\/2021\/04\/20170823_100358-1024x768.jpg\" class=\"attachment-large size-large wp-image-194\" alt=\"\" srcset=\"https:\/\/limoncuotomotiv.com\/wp-content\/uploads\/2021\/04\/20170823_100358-1024x768.jpg 1024w, https:\/\/limoncuotomotiv.com\/wp-content\/uploads\/2021\/04\/20170823_100358-300x225.jpg 300w, https:\/\/limoncuotomotiv.com\/wp-content\/uploads\/2021\/04\/20170823_100358-768x576.jpg 768w, https:\/\/limoncuotomotiv.com\/wp-content\/uploads\/2021\/04\/20170823_100358-1536x1152.jpg 1536w, https:\/\/limoncuotomotiv.com\/wp-content\/uploads\/2021\/04\/20170823_100358-2048x1536.jpg 2048w\" sizes=\"(max-width: 1024px) 100vw, 1024px\" \/>\t\t\t\t\t\t\t\t\t\t\t\t\t\t\t<\/div>\n\t\t\t\t<\/div>\n\t\t\t\t\t<\/div>\n\t\t<\/div>\n\t\t\t\t\t<\/div>\n\t\t<\/section>\n\t\t\t\t<section class=\"elementor-section elementor-inner-section elementor-element elementor-element-4156cf0 elementor-section-content-top elementor-section-boxed elementor-section-height-default elementor-section-height-default\" data-id=\"4156cf0\" data-element_type=\"section\" data-e-type=\"section\">\n\t\t\t\t\t\t<div class=\"elementor-container elementor-column-gap-default\">\n\t\t\t\t\t<div class=\"elementor-column elementor-col-50 elementor-inner-column elementor-element elementor-element-2ef6255\" data-id=\"2ef6255\" data-element_type=\"column\" data-e-type=\"column\">\n\t\t\t<div class=\"elementor-widget-wrap elementor-element-populated\">\n\t\t\t\t\t\t<div class=\"elementor-element elementor-element-8d7e05c elementor-widget elementor-widget-image\" data-id=\"8d7e05c\" data-element_type=\"widget\" data-e-type=\"widget\" data-widget_type=\"image.default\">\n\t\t\t\t<div class=\"elementor-widget-container\">\n\t\t\t\t\t\t\t\t\t\t\t\t\t\t\t<img decoding=\"async\" width=\"1024\" height=\"768\" src=\"https:\/\/limoncuotomotiv.com\/wp-content\/uploads\/2021\/04\/20170823_100508-1024x768.jpg\" class=\"attachment-large size-large wp-image-171\" alt=\"\" srcset=\"https:\/\/limoncuotomotiv.com\/wp-content\/uploads\/2021\/04\/20170823_100508-1024x768.jpg 1024w, https:\/\/limoncuotomotiv.com\/wp-content\/uploads\/2021\/04\/20170823_100508-300x225.jpg 300w, https:\/\/limoncuotomotiv.com\/wp-content\/uploads\/2021\/04\/20170823_100508-768x576.jpg 768w, https:\/\/limoncuotomotiv.com\/wp-content\/uploads\/2021\/04\/20170823_100508-1536x1152.jpg 1536w, https:\/\/limoncuotomotiv.com\/wp-content\/uploads\/2021\/04\/20170823_100508-2048x1536.jpg 2048w\" sizes=\"(max-width: 1024px) 100vw, 1024px\" \/>\t\t\t\t\t\t\t\t\t\t\t\t\t\t\t<\/div>\n\t\t\t\t<\/div>\n\t\t\t\t\t<\/div>\n\t\t<\/div>\n\t\t\t\t<div class=\"elementor-column elementor-col-50 elementor-inner-column elementor-element elementor-element-8196524\" data-id=\"8196524\" data-element_type=\"column\" data-e-type=\"column\" data-settings=\"{&quot;background_background&quot;:&quot;classic&quot;}\">\n\t\t\t<div class=\"elementor-widget-wrap elementor-element-populated\">\n\t\t\t\t\t\t<div class=\"elementor-element elementor-element-c01c559 elementor-widget elementor-widget-heading\" data-id=\"c01c559\" data-element_type=\"widget\" data-e-type=\"widget\" data-widget_type=\"heading.default\">\n\t\t\t\t<div class=\"elementor-widget-container\">\n\t\t\t\t\t<h2 class=\"elementor-heading-title elementor-size-default\">Tarih\u00e7e<\/h2>\t\t\t\t<\/div>\n\t\t\t\t<\/div>\n\t\t\t\t<div class=\"elementor-element elementor-element-299b00d elementor-widget-divider--view-line elementor-widget elementor-widget-divider\" data-id=\"299b00d\" data-element_type=\"widget\" data-e-type=\"widget\" data-widget_type=\"divider.default\">\n\t\t\t\t<div class=\"elementor-widget-container\">\n\t\t\t\t\t\t\t<div class=\"elementor-divider\">\n\t\t\t<span class=\"elementor-divider-separator\">\n\t\t\t\t\t\t<\/span>\n\t\t<\/div>\n\t\t\t\t\t\t<\/div>\n\t\t\t\t<\/div>\n\t\t\t\t<div class=\"elementor-element elementor-element-cbd3183 elementor-widget elementor-widget-text-editor\" data-id=\"cbd3183\" data-element_type=\"widget\" data-e-type=\"widget\" data-widget_type=\"text-editor.default\">\n\t\t\t\t<div class=\"elementor-widget-container\">\n\t\t\t\t\t\t\t\t\t<p><br \/>1978 YILINDA AHMET L\u0130MONCU TARAFINDAN KURULAN L\u0130MONCU OTOMOT\u0130V, A\u011eIR VASITA TAM\u0130R BAKIM OLARAK BA\u015eLAMI\u015e OLDU\u011eU \u0130\u015e HAYATINA , DAHA SONRALARI \u015eANZIMAN TAM\u0130R-BAKIM VE YEDEKLER\u0130 OLARAK KEND\u0130 ALANINDA UZMANLA\u015eMA SA\u011eLAMI\u015eTIR. <br \/>GEL\u0130\u015eEN TEKNOLOJ\u0130LER \u0130LE B\u0130RL\u0130KTE PROFESYONELLE\u015eME GEREKT\u0130REN D\u0130\u011eER B\u0130R ALAN \u0130SE HANG\u0130 ARA\u00c7 VE HANG\u0130 MARKA \u015eANZIMAN \u00dcZER\u0130NE YO\u011eUNLA\u015eMALIYDIK. D\u00dcNYADA VE \u00dcLKEM\u0130ZDE EN \u00c7OK TUTULAN VE YEDEK PAR\u00c7A KONUSUNDA TEM\u0130N ZORLU\u011eU YA\u015eANMAYACAK ALMAN ZF VE MERCEDES \u015eANZIMANLARI HEDEF ALINMI\u015eTIR. <br \/>1978 DEN G\u00dcN\u00dcM\u00dcZE KADAR DE\u011eERL\u0130 DOSTLARIMIZLA B\u0130RL\u0130KTE Y\u00dcR\u00dcY\u00dc\u015e\u00dcM\u00dcZ DEVAM ETMEKTED\u0130R\u2026.<\/p>\t\t\t\t\t\t\t\t<\/div>\n\t\t\t\t<\/div>\n\t\t\t\t\t<\/div>\n\t\t<\/div>\n\t\t\t\t\t<\/div>\n\t\t<\/section>\n\t\t\t\t\t<\/div>\n\t\t<\/div>\n\t\t\t\t\t<\/div>\n\t\t<\/section>\n\t\t\t\t<\/div>\n\t\t","protected":false},"excerpt":{"rendered":"<p>Vizyonumuz M\u00dc\u015eTER\u0130LER\u0130M\u0130Z\u0130N F\u0130RMAMIZA VE \u00dcR\u00dcNLER\u0130M\u0130ZE OLAN G\u00dcVEN\u0130N\u0130 S\u00dcREKL\u0130 KILMAK , \u00dcLKEM\u0130Z , \u00c7ALI\u015eMA ARKADA\u015eLARIMIZ ADINA FARK OLU\u015eTURAN B\u0130R \u015e\u0130RKET OLMAKTIR.A\u011eIR VASITA \u015eANZIMAN ( ZF \u2013 MERCEDES ) \u0130HT\u0130YACINI KAL\u0130TE VE UYGUN F\u0130YAT DENGES\u0130 G\u00d6ZETEREK DE\u011eERL\u0130 M\u00dc\u015eTER\u0130LER\u0130M\u0130Z\u0130N SORUNSUZ \u0130LERLEMES\u0130N\u0130 SA\u011eLAMAKTIR. Misyonumuz A\u011eIR VASITA \u015eANZIMAN \u00dcZER\u0130NE YEN\u0130L\u0130K\u00c7\u0130 VE GEL\u0130\u015eEN TEKNOLOJ\u0130LER\u0130N TAK\u0130B\u0130 VE UYGULANMASI\u2026 \u015eANZIMAN \u00dcZER\u0130NE YEN\u0130L\u0130K\u00c7\u0130, KAL\u0130TEL\u0130&hellip;&nbsp;<a href=\"https:\/\/limoncuotomotiv.com\/index.php\/hakkimizda\/\" rel=\"bookmark\">Daha fazlas\u0131n\u0131 oku &raquo;<span class=\"screen-reader-text\">Hakk\u0131m\u0131zda<\/span><\/a><\/p>\n","protected":false},"author":3,"featured_media":0,"parent":0,"menu_order":0,"comment_status":"closed","ping_status":"closed","template":"page-templates\/template-pagebuilder-full-width.php","meta":{"neve_meta_sidebar":"","neve_meta_container":"","neve_meta_enable_content_width":"","neve_meta_content_width":70,"neve_meta_title_alignment":"","neve_meta_author_avatar":"","neve_post_elements_order":"","neve_meta_disable_header":"","neve_meta_disable_footer":"","neve_meta_disable_title":"","_joinchat":[],"footnotes":""},"class_list":["post-42","page","type-page","status-publish","hentry"],"_links":{"self":[{"href":"https:\/\/limoncuotomotiv.com\/index.php\/wp-json\/wp\/v2\/pages\/42","targetHints":{"allow":["GET"]}}],"collection":[{"href":"https:\/\/limoncuotomotiv.com\/index.php\/wp-json\/wp\/v2\/pages"}],"about":[{"href":"https:\/\/limoncuotomotiv.com\/index.php\/wp-json\/wp\/v2\/types\/page"}],"author":[{"embeddable":true,"href":"https:\/\/limoncuotomotiv.com\/index.php\/wp-json\/wp\/v2\/users\/3"}],"replies":[{"embeddable":true,"href":"https:\/\/limoncuotomotiv.com\/index.php\/wp-json\/wp\/v2\/comments?post=42"}],"version-history":[{"count":16,"href":"https:\/\/limoncuotomotiv.com\/index.php\/wp-json\/wp\/v2\/pages\/42\/revisions"}],"predecessor-version":[{"id":363,"href":"https:\/\/limoncuotomotiv.com\/index.php\/wp-json\/wp\/v2\/pages\/42\/revisions\/363"}],"wp:attachment":[{"href":"https:\/\/limoncuotomotiv.com\/index.php\/wp-json\/wp\/v2\/media?parent=42"}],"curies":[{"name":"wp","href":"https:\/\/api.w.org\/{rel}","templated":true}]}}